{"id":229,"date":"2023-09-21T13:50:07","date_gmt":"2023-09-21T13:50:07","guid":{"rendered":"http:\/\/10.101.10.197\/visiones\/?page_id=229"},"modified":"2023-09-22T11:58:00","modified_gmt":"2023-09-22T11:58:00","slug":"politicas-sobre-plagio","status":"publish","type":"page","link":"https:\/\/visiones.fcejs.unsl.edu.ar\/index.php\/politicas-sobre-plagio\/","title":{"rendered":"Pol\u00edticas sobre plagio"},"content":{"rendered":"\t\t<div data-elementor-type=\"wp-post\" data-elementor-id=\"229\" class=\"elementor elementor-229\">\n\t\t\t\t\t\t<section class=\"elementor-section elementor-top-section elementor-element elementor-element-76b0187 elementor-section-boxed elementor-section-height-default elementor-section-height-default\" data-id=\"76b0187\" data-element_type=\"section\">\n\t\t\t\t\t\t<div class=\"elementor-container elementor-column-gap-default\">\n\t\t\t\t\t<div class=\"elementor-column elementor-col-50 elementor-top-column elementor-element elementor-element-678f917\" data-id=\"678f917\" data-element_type=\"column\">\n\t\t\t<div class=\"elementor-widget-wrap elementor-element-populated\">\n\t\t\t\t\t\t<div class=\"elementor-element elementor-element-a1a8643 elementor-widget elementor-widget-heading\" data-id=\"a1a8643\" data-element_type=\"widget\" data-widget_type=\"heading.default\">\n\t\t\t\t<div class=\"elementor-widget-container\">\n\t\t\t\t\t<h2 class=\"elementor-heading-title elementor-size-default\">Pol\u00edticas sobre plagio<\/h2>\t\t\t\t<\/div>\n\t\t\t\t<\/div>\n\t\t\t\t<div class=\"elementor-element elementor-element-a9a055d elementor-widget elementor-widget-text-editor\" data-id=\"a9a055d\" data-element_type=\"widget\" data-widget_type=\"text-editor.default\">\n\t\t\t\t<div class=\"elementor-widget-container\">\n\t\t\t\t\t\t\t\t\t<p>Visiones adhiere a las normas internacionales y pr\u00e1cticas respecto de los aspectos \u00e9ticos que deben seguirse en el proceso de publicaci\u00f3n de art\u00edculos originales.<\/p><p>El Equipo Editorial tiene el poder de decisi\u00f3n sobre lo publicado en la revista evaluando la originalidad e importancia del tema para la discusi\u00f3n econ\u00f3mica, de derecho y social en general. Asimismo, y si fuera necesario el Equipo Editorial podr\u00e1 realizar correcciones, aclaraciones y disculpas.<\/p><p>Queda expresamente establecido que las opiniones de autores son de su exclusiva responsabilidad.<\/p><p>El autor o los autores son responsables de garantizar que el env\u00edo no ha sido publicado previamente ni se ha enviado simult\u00e1neamente a otra revista.<\/p><p>Esto se debe hacer expresamente a trav\u00e9s de una nota firmada que acompa\u00f1e el env\u00edo.<\/p><p>A fin de detectar coincidencias entre los trabajos recibidos y las publicaciones en otras fuentes de quienes declaran su autor\u00eda y de otros autores\/otras autoras, antes de dar inicio a los referatos, el Comit\u00e9 Editorial utiliza herramientas de b\u00fasqueda en Internet con el objetivo de confirmar originalidad y evitar plagio, autoplagio y publicaci\u00f3n redundante, se revisa el art\u00edculo en su totalidad.<\/p><p>Ante la detecci\u00f3n plagio, autoplagio y publicaci\u00f3n redundante se env\u00eda a los\/las autores\/as la evidencia de lo detectado y se les solicita un descargo.<\/p><p>Si la respuesta no es satisfactoria, se les informa el rechazo del art\u00edculo, por lo cual el manuscrito no es enviado a evaluaci\u00f3n externa y la revista no recibir\u00e1 m\u00e1s art\u00edculos del autor.<\/p>\t\t\t\t\t\t\t\t<\/div>\n\t\t\t\t<\/div>\n\t\t\t\t\t<\/div>\n\t\t<\/div>\n\t\t\t\t<div class=\"elementor-column elementor-col-50 elementor-top-column elementor-element elementor-element-e48197c\" data-id=\"e48197c\" data-element_type=\"column\">\n\t\t\t<div class=\"elementor-widget-wrap elementor-element-populated\">\n\t\t\t\t\t\t<div class=\"elementor-element elementor-element-cb2de0e elementor-widget elementor-widget-image\" data-id=\"cb2de0e\" data-element_type=\"widget\" data-widget_type=\"image.default\">\n\t\t\t\t<div class=\"elementor-widget-container\">\n\t\t\t\t\t\t\t\t\t\t\t\t\t\t\t<img fetchpriority=\"high\" decoding=\"async\" width=\"724\" height=\"1024\" src=\"https:\/\/visiones.fcejs.unsl.edu.ar\/wp-content\/uploads\/2023\/09\/revista-visiones-724x1024.jpg\" class=\"attachment-large size-large wp-image-197\" alt=\"\" srcset=\"https:\/\/visiones.fcejs.unsl.edu.ar\/wp-content\/uploads\/2023\/09\/revista-visiones-724x1024.jpg 724w, https:\/\/visiones.fcejs.unsl.edu.ar\/wp-content\/uploads\/2023\/09\/revista-visiones-212x300.jpg 212w, https:\/\/visiones.fcejs.unsl.edu.ar\/wp-content\/uploads\/2023\/09\/revista-visiones-768x1087.jpg 768w, https:\/\/visiones.fcejs.unsl.edu.ar\/wp-content\/uploads\/2023\/09\/revista-visiones-1085x1536.jpg 1085w, https:\/\/visiones.fcejs.unsl.edu.ar\/wp-content\/uploads\/2023\/09\/revista-visiones.jpg 1190w\" sizes=\"(max-width: 724px) 100vw, 724px\" \/>\t\t\t\t\t\t\t\t\t\t\t\t\t\t\t<\/div>\n\t\t\t\t<\/div>\n\t\t\t\t\t<\/div>\n\t\t<\/div>\n\t\t\t\t\t<\/div>\n\t\t<\/section>\n\t\t\t\t<\/div>\n\t\t","protected":false},"excerpt":{"rendered":"<p>Pol\u00edticas sobre plagio Visiones adhiere a las normas internacionales y pr\u00e1cticas respecto de los aspectos \u00e9ticos que deben seguirse en el proceso de publicaci\u00f3n de&hellip;<\/p>\n","protected":false},"author":1,"featured_media":0,"parent":0,"menu_order":0,"comment_status":"closed","ping_status":"closed","template":"","meta":{"om_disable_all_campaigns":false,"_exactmetrics_skip_tracking":false,"_exactmetrics_sitenote_active":false,"_exactmetrics_sitenote_note":"","_exactmetrics_sitenote_category":0,"_uf_show_specific_survey":0,"_uf_disable_surveys":false,"footnotes":""},"class_list":["post-229","page","type-page","status-publish","hentry"],"_links":{"self":[{"href":"https:\/\/visiones.fcejs.unsl.edu.ar\/index.php\/wp-json\/wp\/v2\/pages\/229","targetHints":{"allow":["GET"]}}],"collection":[{"href":"https:\/\/visiones.fcejs.unsl.edu.ar\/index.php\/wp-json\/wp\/v2\/pages"}],"about":[{"href":"https:\/\/visiones.fcejs.unsl.edu.ar\/index.php\/wp-json\/wp\/v2\/types\/page"}],"author":[{"embeddable":true,"href":"https:\/\/visiones.fcejs.unsl.edu.ar\/index.php\/wp-json\/wp\/v2\/users\/1"}],"replies":[{"embeddable":true,"href":"https:\/\/visiones.fcejs.unsl.edu.ar\/index.php\/wp-json\/wp\/v2\/comments?post=229"}],"version-history":[{"count":8,"href":"https:\/\/visiones.fcejs.unsl.edu.ar\/index.php\/wp-json\/wp\/v2\/pages\/229\/revisions"}],"predecessor-version":[{"id":299,"href":"https:\/\/visiones.fcejs.unsl.edu.ar\/index.php\/wp-json\/wp\/v2\/pages\/229\/revisions\/299"}],"wp:attachment":[{"href":"https:\/\/visiones.fcejs.unsl.edu.ar\/index.php\/wp-json\/wp\/v2\/media?parent=229"}],"curies":[{"name":"wp","href":"https:\/\/api.w.org\/{rel}","templated":true}]}}