{"id":235,"date":"2023-09-21T13:58:12","date_gmt":"2023-09-21T13:58:12","guid":{"rendered":"http:\/\/10.101.10.197\/visiones\/?page_id=235"},"modified":"2023-11-29T12:31:02","modified_gmt":"2023-11-29T12:31:02","slug":"codigo-de-etica","status":"publish","type":"page","link":"https:\/\/visiones.fcejs.unsl.edu.ar\/index.php\/codigo-de-etica\/","title":{"rendered":"C\u00f3digo de \u00c9tica"},"content":{"rendered":"\t\t<div data-elementor-type=\"wp-post\" data-elementor-id=\"235\" class=\"elementor elementor-235\">\n\t\t\t\t\t\t<section class=\"elementor-section elementor-top-section elementor-element elementor-element-76b0187 elementor-section-boxed elementor-section-height-default elementor-section-height-default\" data-id=\"76b0187\" data-element_type=\"section\">\n\t\t\t\t\t\t<div class=\"elementor-container elementor-column-gap-default\">\n\t\t\t\t\t<div class=\"elementor-column elementor-col-50 elementor-top-column elementor-element elementor-element-678f917\" data-id=\"678f917\" data-element_type=\"column\">\n\t\t\t<div class=\"elementor-widget-wrap elementor-element-populated\">\n\t\t\t\t\t\t<div class=\"elementor-element elementor-element-a1a8643 elementor-widget elementor-widget-heading\" data-id=\"a1a8643\" data-element_type=\"widget\" data-widget_type=\"heading.default\">\n\t\t\t\t<div class=\"elementor-widget-container\">\n\t\t\t\t\t<h2 class=\"elementor-heading-title elementor-size-default\">C\u00f3digo de \u00c9tica<\/h2>\t\t\t\t<\/div>\n\t\t\t\t<\/div>\n\t\t\t\t<div class=\"elementor-element elementor-element-a9a055d elementor-widget elementor-widget-text-editor\" data-id=\"a9a055d\" data-element_type=\"widget\" data-widget_type=\"text-editor.default\">\n\t\t\t\t<div class=\"elementor-widget-container\">\n\t\t\t\t\t\t\t\t\t<p>Visiones se compromete a evitar la existencia de conflictos de inter\u00e9s entre los actores que participan en la producci\u00f3n.<\/p><p>Autores y evaluadores pueden manifestar los conflictos de intereses que pudieran tener.<\/p><p>La revista adhiere a pol\u00edticas que promuevan y aseguren una conducta \u00e9tica de todos los participantes del proceso de publicaci\u00f3n.<\/p><p>Los trabajos son evaluados por su calidad cient\u00edfica, por lo que garantiza que en este proceso no interfieran pertenencias y adscripciones \u00e9tnicas, nacionales, de g\u00e9nero, profesionales, religiosas o pol\u00edticas.<\/p><p>Es facultad de los autores considerar erratas, correcciones o retracciones de art\u00edculos ya publicados en la revista.<\/p>\t\t\t\t\t\t\t\t<\/div>\n\t\t\t\t<\/div>\n\t\t\t\t\t<\/div>\n\t\t<\/div>\n\t\t\t\t<div class=\"elementor-column elementor-col-50 elementor-top-column elementor-element elementor-element-e48197c\" data-id=\"e48197c\" data-element_type=\"column\">\n\t\t\t<div class=\"elementor-widget-wrap elementor-element-populated\">\n\t\t\t\t\t\t<div class=\"elementor-element elementor-element-cb2de0e elementor-widget elementor-widget-image\" data-id=\"cb2de0e\" data-element_type=\"widget\" data-widget_type=\"image.default\">\n\t\t\t\t<div class=\"elementor-widget-container\">\n\t\t\t\t\t\t\t\t\t\t\t\t\t\t\t<img fetchpriority=\"high\" decoding=\"async\" width=\"724\" height=\"1024\" src=\"https:\/\/visiones.fcejs.unsl.edu.ar\/wp-content\/uploads\/2023\/09\/revista-visiones-724x1024.jpg\" class=\"attachment-large size-large wp-image-197\" alt=\"\" srcset=\"https:\/\/visiones.fcejs.unsl.edu.ar\/wp-content\/uploads\/2023\/09\/revista-visiones-724x1024.jpg 724w, https:\/\/visiones.fcejs.unsl.edu.ar\/wp-content\/uploads\/2023\/09\/revista-visiones-212x300.jpg 212w, https:\/\/visiones.fcejs.unsl.edu.ar\/wp-content\/uploads\/2023\/09\/revista-visiones-768x1087.jpg 768w, https:\/\/visiones.fcejs.unsl.edu.ar\/wp-content\/uploads\/2023\/09\/revista-visiones-1085x1536.jpg 1085w, https:\/\/visiones.fcejs.unsl.edu.ar\/wp-content\/uploads\/2023\/09\/revista-visiones.jpg 1190w\" sizes=\"(max-width: 724px) 100vw, 724px\" \/>\t\t\t\t\t\t\t\t\t\t\t\t\t\t\t<\/div>\n\t\t\t\t<\/div>\n\t\t\t\t\t<\/div>\n\t\t<\/div>\n\t\t\t\t\t<\/div>\n\t\t<\/section>\n\t\t\t\t<section class=\"elementor-section elementor-top-section elementor-element elementor-element-7416eec elementor-section-boxed elementor-section-height-default elementor-section-height-default\" data-id=\"7416eec\" data-element_type=\"section\">\n\t\t\t\t\t\t<div class=\"elementor-container elementor-column-gap-default\">\n\t\t\t\t\t<div class=\"elementor-column elementor-col-100 elementor-top-column elementor-element elementor-element-5645814\" data-id=\"5645814\" data-element_type=\"column\">\n\t\t\t<div class=\"elementor-widget-wrap elementor-element-populated\">\n\t\t\t\t\t\t<div class=\"elementor-element elementor-element-fd5fa7b elementor-widget elementor-widget-spacer\" data-id=\"fd5fa7b\" data-element_type=\"widget\" data-widget_type=\"spacer.default\">\n\t\t\t\t<div class=\"elementor-widget-container\">\n\t\t\t\t\t\t\t<div class=\"elementor-spacer\">\n\t\t\t<div class=\"elementor-spacer-inner\"><\/div>\n\t\t<\/div>\n\t\t\t\t\t\t<\/div>\n\t\t\t\t<\/div>\n\t\t\t\t\t<\/div>\n\t\t<\/div>\n\t\t\t\t\t<\/div>\n\t\t<\/section>\n\t\t\t\t<\/div>\n\t\t","protected":false},"excerpt":{"rendered":"<p>C\u00f3digo de \u00c9tica Visiones se compromete a evitar la existencia de conflictos de inter\u00e9s entre los actores que participan en la producci\u00f3n. Autores y evaluadores&hellip;<\/p>\n","protected":false},"author":1,"featured_media":0,"parent":0,"menu_order":0,"comment_status":"closed","ping_status":"closed","template":"","meta":{"om_disable_all_campaigns":false,"_exactmetrics_skip_tracking":false,"_exactmetrics_sitenote_active":false,"_exactmetrics_sitenote_note":"","_exactmetrics_sitenote_category":0,"_uf_show_specific_survey":0,"_uf_disable_surveys":false,"footnotes":""},"class_list":["post-235","page","type-page","status-publish","hentry"],"_links":{"self":[{"href":"https:\/\/visiones.fcejs.unsl.edu.ar\/index.php\/wp-json\/wp\/v2\/pages\/235","targetHints":{"allow":["GET"]}}],"collection":[{"href":"https:\/\/visiones.fcejs.unsl.edu.ar\/index.php\/wp-json\/wp\/v2\/pages"}],"about":[{"href":"https:\/\/visiones.fcejs.unsl.edu.ar\/index.php\/wp-json\/wp\/v2\/types\/page"}],"author":[{"embeddable":true,"href":"https:\/\/visiones.fcejs.unsl.edu.ar\/index.php\/wp-json\/wp\/v2\/users\/1"}],"replies":[{"embeddable":true,"href":"https:\/\/visiones.fcejs.unsl.edu.ar\/index.php\/wp-json\/wp\/v2\/comments?post=235"}],"version-history":[{"count":10,"href":"https:\/\/visiones.fcejs.unsl.edu.ar\/index.php\/wp-json\/wp\/v2\/pages\/235\/revisions"}],"predecessor-version":[{"id":364,"href":"https:\/\/visiones.fcejs.unsl.edu.ar\/index.php\/wp-json\/wp\/v2\/pages\/235\/revisions\/364"}],"wp:attachment":[{"href":"https:\/\/visiones.fcejs.unsl.edu.ar\/index.php\/wp-json\/wp\/v2\/media?parent=235"}],"curies":[{"name":"wp","href":"https:\/\/api.w.org\/{rel}","templated":true}]}}