{"id":249,"date":"2023-09-21T14:10:11","date_gmt":"2023-09-21T14:10:11","guid":{"rendered":"http:\/\/10.101.10.197\/visiones\/?page_id=249"},"modified":"2023-09-22T11:58:37","modified_gmt":"2023-09-22T11:58:37","slug":"alcance","status":"publish","type":"page","link":"https:\/\/visiones.fcejs.unsl.edu.ar\/index.php\/alcance\/","title":{"rendered":"Alcance"},"content":{"rendered":"\t\t<div data-elementor-type=\"wp-post\" data-elementor-id=\"249\" class=\"elementor elementor-249\">\n\t\t\t\t\t\t<section class=\"elementor-section elementor-top-section elementor-element elementor-element-76b0187 elementor-section-boxed elementor-section-height-default elementor-section-height-default\" data-id=\"76b0187\" data-element_type=\"section\">\n\t\t\t\t\t\t<div class=\"elementor-container elementor-column-gap-default\">\n\t\t\t\t\t<div class=\"elementor-column elementor-col-50 elementor-top-column elementor-element elementor-element-678f917\" data-id=\"678f917\" data-element_type=\"column\">\n\t\t\t<div class=\"elementor-widget-wrap elementor-element-populated\">\n\t\t\t\t\t\t<div class=\"elementor-element elementor-element-a1a8643 elementor-widget elementor-widget-heading\" data-id=\"a1a8643\" data-element_type=\"widget\" data-widget_type=\"heading.default\">\n\t\t\t\t<div class=\"elementor-widget-container\">\n\t\t\t\t\t<h2 class=\"elementor-heading-title elementor-size-default\">Alcance<\/h2>\t\t\t\t<\/div>\n\t\t\t\t<\/div>\n\t\t\t\t<div class=\"elementor-element elementor-element-a9a055d elementor-widget elementor-widget-text-editor\" data-id=\"a9a055d\" data-element_type=\"widget\" data-widget_type=\"text-editor.default\">\n\t\t\t\t<div class=\"elementor-widget-container\">\n\t\t\t\t\t\t\t\t\t<p>Visiones es una publicaci\u00f3n peri\u00f3dica, que publica 2 n\u00fameros al a\u00f1o, dedicada a difundir investigaciones originales e in\u00e9ditas en el campo de la econom\u00eda, el derecho y las ciencias sociales.<\/p><p>Se buscar\u00e1 que los art\u00edculos reflejen los numerosos aspectos de la producci\u00f3n cient\u00edfica contempor\u00e1nea dentro del campo.<\/p><p>En este sentido, se ponderar\u00e1 n especialmente las problem\u00e1ticas estrictamente regionales dentro del pa\u00eds o pa\u00edses vecinos, as\u00ed como contribuciones de corte te\u00f3rico-metodol\u00f3gico o relativas a diferentes subdisciplinas.<\/p><p>Visiones acepta los siguientes tipos de contribuciones: art\u00edculos, notas, rese\u00f1as bibliogr\u00e1ficas, dossiers, erratas y retracciones.<\/p><p>El idioma aceptado para la publicaci\u00f3n es el espa\u00f1ol.<\/p>\t\t\t\t\t\t\t\t<\/div>\n\t\t\t\t<\/div>\n\t\t\t\t\t<\/div>\n\t\t<\/div>\n\t\t\t\t<div class=\"elementor-column elementor-col-50 elementor-top-column elementor-element elementor-element-e48197c\" data-id=\"e48197c\" data-element_type=\"column\">\n\t\t\t<div class=\"elementor-widget-wrap elementor-element-populated\">\n\t\t\t\t\t\t<div class=\"elementor-element elementor-element-cb2de0e elementor-widget elementor-widget-image\" data-id=\"cb2de0e\" data-element_type=\"widget\" data-widget_type=\"image.default\">\n\t\t\t\t<div class=\"elementor-widget-container\">\n\t\t\t\t\t\t\t\t\t\t\t\t\t\t\t<img fetchpriority=\"high\" decoding=\"async\" width=\"724\" height=\"1024\" src=\"https:\/\/visiones.fcejs.unsl.edu.ar\/wp-content\/uploads\/2023\/09\/revista-visiones-724x1024.jpg\" class=\"attachment-large size-large wp-image-197\" alt=\"\" srcset=\"https:\/\/visiones.fcejs.unsl.edu.ar\/wp-content\/uploads\/2023\/09\/revista-visiones-724x1024.jpg 724w, https:\/\/visiones.fcejs.unsl.edu.ar\/wp-content\/uploads\/2023\/09\/revista-visiones-212x300.jpg 212w, https:\/\/visiones.fcejs.unsl.edu.ar\/wp-content\/uploads\/2023\/09\/revista-visiones-768x1087.jpg 768w, https:\/\/visiones.fcejs.unsl.edu.ar\/wp-content\/uploads\/2023\/09\/revista-visiones-1085x1536.jpg 1085w, https:\/\/visiones.fcejs.unsl.edu.ar\/wp-content\/uploads\/2023\/09\/revista-visiones.jpg 1190w\" sizes=\"(max-width: 724px) 100vw, 724px\" \/>\t\t\t\t\t\t\t\t\t\t\t\t\t\t\t<\/div>\n\t\t\t\t<\/div>\n\t\t\t\t\t<\/div>\n\t\t<\/div>\n\t\t\t\t\t<\/div>\n\t\t<\/section>\n\t\t\t\t<\/div>\n\t\t","protected":false},"excerpt":{"rendered":"<p>Alcance Visiones es una publicaci\u00f3n peri\u00f3dica, que publica 2 n\u00fameros al a\u00f1o, dedicada a difundir investigaciones originales e in\u00e9ditas en el campo de la econom\u00eda,&hellip;<\/p>\n","protected":false},"author":1,"featured_media":0,"parent":0,"menu_order":0,"comment_status":"closed","ping_status":"closed","template":"","meta":{"om_disable_all_campaigns":false,"_exactmetrics_skip_tracking":false,"_exactmetrics_sitenote_active":false,"_exactmetrics_sitenote_note":"","_exactmetrics_sitenote_category":0,"_uf_show_specific_survey":0,"_uf_disable_surveys":false,"footnotes":""},"class_list":["post-249","page","type-page","status-publish","hentry"],"_links":{"self":[{"href":"https:\/\/visiones.fcejs.unsl.edu.ar\/index.php\/wp-json\/wp\/v2\/pages\/249","targetHints":{"allow":["GET"]}}],"collection":[{"href":"https:\/\/visiones.fcejs.unsl.edu.ar\/index.php\/wp-json\/wp\/v2\/pages"}],"about":[{"href":"https:\/\/visiones.fcejs.unsl.edu.ar\/index.php\/wp-json\/wp\/v2\/types\/page"}],"author":[{"embeddable":true,"href":"https:\/\/visiones.fcejs.unsl.edu.ar\/index.php\/wp-json\/wp\/v2\/users\/1"}],"replies":[{"embeddable":true,"href":"https:\/\/visiones.fcejs.unsl.edu.ar\/index.php\/wp-json\/wp\/v2\/comments?post=249"}],"version-history":[{"count":7,"href":"https:\/\/visiones.fcejs.unsl.edu.ar\/index.php\/wp-json\/wp\/v2\/pages\/249\/revisions"}],"predecessor-version":[{"id":305,"href":"https:\/\/visiones.fcejs.unsl.edu.ar\/index.php\/wp-json\/wp\/v2\/pages\/249\/revisions\/305"}],"wp:attachment":[{"href":"https:\/\/visiones.fcejs.unsl.edu.ar\/index.php\/wp-json\/wp\/v2\/media?parent=249"}],"curies":[{"name":"wp","href":"https:\/\/api.w.org\/{rel}","templated":true}]}}