{"id":317,"date":"2023-11-29T12:07:04","date_gmt":"2023-11-29T12:07:04","guid":{"rendered":"http:\/\/10.101.10.197\/visiones\/?page_id=317"},"modified":"2024-05-08T12:08:23","modified_gmt":"2024-05-08T12:08:23","slug":"edicion-2023-no1","status":"publish","type":"page","link":"https:\/\/visiones.fcejs.unsl.edu.ar\/index.php\/edicion-2023-no1\/","title":{"rendered":"Edici\u00f3n 2023 &#8211; N\u00ba1"},"content":{"rendered":"\t\t<div data-elementor-type=\"wp-post\" data-elementor-id=\"317\" class=\"elementor elementor-317\">\n\t\t\t\t\t\t<section class=\"elementor-section elementor-top-section elementor-element elementor-element-76b0187 elementor-section-boxed elementor-section-height-default elementor-section-height-default\" data-id=\"76b0187\" data-element_type=\"section\">\n\t\t\t\t\t\t<div class=\"elementor-container elementor-column-gap-default\">\n\t\t\t\t\t<div class=\"elementor-column elementor-col-50 elementor-top-column elementor-element elementor-element-678f917\" data-id=\"678f917\" data-element_type=\"column\">\n\t\t\t<div class=\"elementor-widget-wrap elementor-element-populated\">\n\t\t\t\t\t\t<div class=\"elementor-element elementor-element-a1a8643 elementor-widget elementor-widget-heading\" data-id=\"a1a8643\" data-element_type=\"widget\" data-widget_type=\"heading.default\">\n\t\t\t\t<div class=\"elementor-widget-container\">\n\t\t\t\t\t<h2 class=\"elementor-heading-title elementor-size-default\">Edici\u00f3n 2023 - N\u00ba1<\/h2>\t\t\t\t<\/div>\n\t\t\t\t<\/div>\n\t\t\t\t<div class=\"elementor-element elementor-element-0888dd6 elementor-align-center elementor-widget elementor-widget-button\" data-id=\"0888dd6\" data-element_type=\"widget\" data-widget_type=\"button.default\">\n\t\t\t\t<div class=\"elementor-widget-container\">\n\t\t\t\t\t\t\t\t\t<div class=\"elementor-button-wrapper\">\n\t\t\t\t\t<a class=\"elementor-button elementor-button-link elementor-size-sm\" href=\"https:\/\/visiones.fcejs.unsl.edu.ar\/wp-content\/uploads\/2024\/02\/REVISTA-VISIONES.pdf\" target=\"_blank\">\n\t\t\t\t\t\t<span class=\"elementor-button-content-wrapper\">\n\t\t\t\t\t\t\t\t\t<span class=\"elementor-button-text\">Revista completa<\/span>\n\t\t\t\t\t<\/span>\n\t\t\t\t\t<\/a>\n\t\t\t\t<\/div>\n\t\t\t\t\t\t\t\t<\/div>\n\t\t\t\t<\/div>\n\t\t\t\t<div class=\"elementor-element elementor-element-1af70e4 elementor-widget elementor-widget-text-editor\" data-id=\"1af70e4\" data-element_type=\"widget\" data-widget_type=\"text-editor.default\">\n\t\t\t\t<div class=\"elementor-widget-container\">\n\t\t\t\t\t\t\t\t\t<p><strong>Secciones:<\/strong><\/p>\t\t\t\t\t\t\t\t<\/div>\n\t\t\t\t<\/div>\n\t\t\t\t<div class=\"elementor-element elementor-element-cc40188 elementor-widget elementor-widget-text-editor\" data-id=\"cc40188\" data-element_type=\"widget\" data-widget_type=\"text-editor.default\">\n\t\t\t\t<div class=\"elementor-widget-container\">\n\t\t\t\t\t\t\t\t\t<ol><li><a href=\"https:\/\/visiones.fcejs.unsl.edu.ar\/wp-content\/uploads\/2023\/11\/01_Analisis_de_los_costos_que_intervienen_en_el_proceso_de.pdf\" target=\"_blank\" rel=\"noopener\">AN\u00c1LISIS DE LOS COSTOS QUE INTERVIENEN EN EL PROCESO DE INDUSTRIALIZACI\u00d3N DE LA ALFALFA. CASO ALFAZAL<\/a><\/li><li><a href=\"https:\/\/visiones.fcejs.unsl.edu.ar\/wp-content\/uploads\/2023\/11\/02_Acuerdo_preventivo_extrajudicial_una_alternativa_a_los_efectos.pdf\" target=\"_blank\" rel=\"noopener\">ACUERDO PREVENTIVO EXTRAJUDICIAL: UNA ALTERNATIVA A LOS EFECTOS DE LA PANDEMIA<\/a><\/li><li><a href=\"https:\/\/visiones.fcejs.unsl.edu.ar\/wp-content\/uploads\/2023\/11\/03_Regimen_de_afectacion_de_la_vivienda_tension_con_otros_regimenes.pdf\" target=\"_blank\" rel=\"noopener\">R\u00c9GIMEN DE AFECTACI\u00d3N DE LA VIVIENDA: TENSI\u00d3N CON OTROS REG\u00cdMENES PROTECTORIOS Y EL NECESARIO DIALOGO DE FUENTES<\/a><\/li><li><a href=\"https:\/\/visiones.fcejs.unsl.edu.ar\/wp-content\/uploads\/2023\/11\/04_Introduccion_al_comportamiento_de_la_recaudacion_tributaria.pdf\" target=\"_blank\" rel=\"noopener\">INTRODUCCI\u00d3N AL COMPORTAMIENTO DE LA RECAUDACI\u00d3N TRIBUTARIA NACIONAL Y PROVINCIAL<\/a><\/li><li><a href=\"https:\/\/visiones.fcejs.unsl.edu.ar\/wp-content\/uploads\/2023\/11\/05_Proceso_decisorio_en_una_PyME_local_que.pdf\" target=\"_blank\" rel=\"noopener\">Proceso decisorio de una PyME local que ha experimentado un crecimiento sostenido en los \u00faltimos diez a\u00f1os<\/a><\/li><li><a href=\"https:\/\/visiones.fcejs.unsl.edu.ar\/wp-content\/uploads\/2023\/11\/06_Ley_de_entidades_financieras_en_el_periodo_ISI.pdf\" target=\"_blank\" rel=\"noopener\">Ley de Entidades Financieras del per\u00edodo ISI y del periodo Aperturista<\/a><\/li><li><a href=\"https:\/\/visiones.fcejs.unsl.edu.ar\/wp-content\/uploads\/2023\/11\/07_Derecho_al_olvido_e_identidad_digital.pdf\" target=\"_blank\" rel=\"noopener\">DERECHO AL OLVIDO E IDENTIDAD DIGITAL. Su posible regulaci\u00f3n en el derecho argentino para entornos digitales y su vinculaci\u00f3n con la libertad de expresi\u00f3n e informaci\u00f3n<\/a><\/li><li><a href=\"https:\/\/visiones.fcejs.unsl.edu.ar\/wp-content\/uploads\/2023\/11\/08_Impacto_social_de_la_licenciatura_en_contaduria_pubilca.pdf\" target=\"_blank\" rel=\"noopener\">Impacto Social de la Licenciatura en Contadur\u00eda P\u00fablica del Centro Universitario de Ciencias Econ\u00f3mico Administrativas de la Universidad de Guadalajara, M\u00e9xico, desde una evaluaci\u00f3n multinacional<\/a><\/li><li><a href=\"https:\/\/visiones.fcejs.unsl.edu.ar\/wp-content\/uploads\/2023\/11\/09_Las_bioenergias_el_aporte_de_las_energias_renovables.pdf\" target=\"_blank\" rel=\"noopener\">Las bioenerg\u00edas, el aporte de las energ\u00edas renovables al Desarrollo Sostenible y a la Bioeconom\u00eda en San Luis<\/a><\/li><li><a href=\"https:\/\/visiones.fcejs.unsl.edu.ar\/wp-content\/uploads\/2023\/11\/10_Una_aproximacion_al_abordaje_de_la_problematica_del_cambio.pdf\" target=\"_blank\" rel=\"noopener\">Una aproximaci\u00f3n al abordaje de la problem\u00e1tica del cambio clim\u00e1tico en los procesos normativos e institucionales en la provincia de San Luis<\/a><\/li><\/ol>\t\t\t\t\t\t\t\t<\/div>\n\t\t\t\t<\/div>\n\t\t\t\t\t<\/div>\n\t\t<\/div>\n\t\t\t\t<div class=\"elementor-column elementor-col-50 elementor-top-column elementor-element elementor-element-8987079\" data-id=\"8987079\" data-element_type=\"column\">\n\t\t\t<div class=\"elementor-widget-wrap elementor-element-populated\">\n\t\t\t\t\t\t<div class=\"elementor-element elementor-element-c28b76c elementor-widget elementor-widget-image\" data-id=\"c28b76c\" data-element_type=\"widget\" data-widget_type=\"image.default\">\n\t\t\t\t<div class=\"elementor-widget-container\">\n\t\t\t\t\t\t\t\t\t\t\t\t\t\t\t\t<a href=\"https:\/\/visiones.fcejs.unsl.edu.ar\/wp-content\/uploads\/2024\/05\/001_REVISTA_VISIONES.pdf\" target=\"_blank\">\n\t\t\t\t\t\t\t<img fetchpriority=\"high\" decoding=\"async\" width=\"634\" height=\"896\" src=\"https:\/\/visiones.fcejs.unsl.edu.ar\/wp-content\/uploads\/2024\/05\/RevistaN1.png\" class=\"attachment-full size-full wp-image-399\" alt=\"\" srcset=\"https:\/\/visiones.fcejs.unsl.edu.ar\/wp-content\/uploads\/2024\/05\/RevistaN1.png 634w, https:\/\/visiones.fcejs.unsl.edu.ar\/wp-content\/uploads\/2024\/05\/RevistaN1-212x300.png 212w\" sizes=\"(max-width: 634px) 100vw, 634px\" \/>\t\t\t\t\t\t\t\t<\/a>\n\t\t\t\t\t\t\t\t\t\t\t\t\t\t\t<\/div>\n\t\t\t\t<\/div>\n\t\t\t\t<div class=\"elementor-element elementor-element-8821e78 elementor-widget elementor-widget-heading\" data-id=\"8821e78\" data-element_type=\"widget\" data-widget_type=\"heading.default\">\n\t\t\t\t<div class=\"elementor-widget-container\">\n\t\t\t\t\t<h2 class=\"elementor-heading-title elementor-size-default\"><a href=\"https:\/\/visiones.fcejs.unsl.edu.ar\/wp-content\/uploads\/2024\/05\/001_REVISTA_VISIONES.pdf\" target=\"_blank\">Edici\u00f3n 2023 - N\u00ba1<\/a><\/h2>\t\t\t\t<\/div>\n\t\t\t\t<\/div>\n\t\t\t\t\t<\/div>\n\t\t<\/div>\n\t\t\t\t\t<\/div>\n\t\t<\/section>\n\t\t\t\t<section class=\"elementor-section elementor-top-section elementor-element elementor-element-fa48565 elementor-section-boxed elementor-section-height-default elementor-section-height-default\" data-id=\"fa48565\" data-element_type=\"section\">\n\t\t\t\t\t\t<div class=\"elementor-container elementor-column-gap-default\">\n\t\t\t\t\t<div class=\"elementor-column elementor-col-100 elementor-top-column elementor-element elementor-element-ad140b4\" data-id=\"ad140b4\" data-element_type=\"column\">\n\t\t\t<div class=\"elementor-widget-wrap\">\n\t\t\t\t\t\t\t<\/div>\n\t\t<\/div>\n\t\t\t\t\t<\/div>\n\t\t<\/section>\n\t\t\t\t<\/div>\n\t\t","protected":false},"excerpt":{"rendered":"<p>Edici\u00f3n 2023 &#8211; N\u00ba1 Revista completa Secciones: AN\u00c1LISIS DE LOS COSTOS QUE INTERVIENEN EN EL PROCESO DE INDUSTRIALIZACI\u00d3N DE LA ALFALFA. CASO ALFAZAL ACUERDO PREVENTIVO&hellip;<\/p>\n","protected":false},"author":1,"featured_media":0,"parent":0,"menu_order":0,"comment_status":"closed","ping_status":"closed","template":"","meta":{"om_disable_all_campaigns":false,"_exactmetrics_skip_tracking":false,"_exactmetrics_sitenote_active":false,"_exactmetrics_sitenote_note":"","_exactmetrics_sitenote_category":0,"_uf_show_specific_survey":0,"_uf_disable_surveys":false,"footnotes":""},"class_list":["post-317","page","type-page","status-publish","hentry"],"_links":{"self":[{"href":"https:\/\/visiones.fcejs.unsl.edu.ar\/index.php\/wp-json\/wp\/v2\/pages\/317","targetHints":{"allow":["GET"]}}],"collection":[{"href":"https:\/\/visiones.fcejs.unsl.edu.ar\/index.php\/wp-json\/wp\/v2\/pages"}],"about":[{"href":"https:\/\/visiones.fcejs.unsl.edu.ar\/index.php\/wp-json\/wp\/v2\/types\/page"}],"author":[{"embeddable":true,"href":"https:\/\/visiones.fcejs.unsl.edu.ar\/index.php\/wp-json\/wp\/v2\/users\/1"}],"replies":[{"embeddable":true,"href":"https:\/\/visiones.fcejs.unsl.edu.ar\/index.php\/wp-json\/wp\/v2\/comments?post=317"}],"version-history":[{"count":31,"href":"https:\/\/visiones.fcejs.unsl.edu.ar\/index.php\/wp-json\/wp\/v2\/pages\/317\/revisions"}],"predecessor-version":[{"id":409,"href":"https:\/\/visiones.fcejs.unsl.edu.ar\/index.php\/wp-json\/wp\/v2\/pages\/317\/revisions\/409"}],"wp:attachment":[{"href":"https:\/\/visiones.fcejs.unsl.edu.ar\/index.php\/wp-json\/wp\/v2\/media?parent=317"}],"curies":[{"name":"wp","href":"https:\/\/api.w.org\/{rel}","templated":true}]}}