{"id":65,"date":"2023-09-01T15:29:42","date_gmt":"2023-09-01T15:29:42","guid":{"rendered":"http:\/\/10.101.10.197\/visiones\/?page_id=65"},"modified":"2025-11-27T12:13:11","modified_gmt":"2025-11-27T12:13:11","slug":"inicio-2","status":"publish","type":"page","link":"https:\/\/visiones.fcejs.unsl.edu.ar\/","title":{"rendered":"inicio"},"content":{"rendered":"\t\t<div data-elementor-type=\"wp-post\" data-elementor-id=\"65\" class=\"elementor elementor-65\">\n\t\t\t\t\t\t<section class=\"elementor-section elementor-top-section elementor-element elementor-element-76b0187 elementor-section-boxed elementor-section-height-default elementor-section-height-default\" data-id=\"76b0187\" data-element_type=\"section\">\n\t\t\t\t\t\t<div class=\"elementor-container elementor-column-gap-default\">\n\t\t\t\t\t<div class=\"elementor-column elementor-col-50 elementor-top-column elementor-element elementor-element-678f917\" data-id=\"678f917\" data-element_type=\"column\">\n\t\t\t<div class=\"elementor-widget-wrap elementor-element-populated\">\n\t\t\t\t\t\t<div class=\"elementor-element elementor-element-a9a055d elementor-widget elementor-widget-text-editor\" data-id=\"a9a055d\" data-element_type=\"widget\" data-widget_type=\"text-editor.default\">\n\t\t\t\t<div class=\"elementor-widget-container\">\n\t\t\t\t\t\t\t\t\t<p>La Revista Visiones es una publicaci\u00f3n de la Facultad de Ciencias Econ\u00f3micas, Jur\u00eddicas y Sociales (FCEJyS) de la Universidad Nacional de San Luis (UNSL), catalogada con el ISSN 3008-8682.<\/p><p>Se producen 2 ediciones anuales desde noviembre de 2023 con el objetivo de promover debates y discusiones, estimular estudios y difundir el trabajo cient\u00edfico de los profesionales tanto del campo de las ciencias econ\u00f3micas como del derecho y las ciencias sociales.<\/p><p>Est\u00e1 hecha para que alumnos, docentes y graduados, que requieran una mirada diferente de las tem\u00e1ticas abordadas, cuenten con una referencia de calidad. Y para la comunidad en general, una fuente confiable donde consultar temas espec\u00edficos.<\/p><p>Esperamos sus trabajos y comentarios.<\/p><p style=\"text-align: right;\">El equipo editor<\/p>\t\t\t\t\t\t\t\t<\/div>\n\t\t\t\t<\/div>\n\t\t\t\t\t<\/div>\n\t\t<\/div>\n\t\t\t\t<div class=\"elementor-column elementor-col-50 elementor-top-column elementor-element elementor-element-68800ba\" data-id=\"68800ba\" data-element_type=\"column\">\n\t\t\t<div class=\"elementor-widget-wrap elementor-element-populated\">\n\t\t\t\t\t\t<div class=\"elementor-element elementor-element-4bb65ea elementor-widget elementor-widget-image\" data-id=\"4bb65ea\" data-element_type=\"widget\" data-widget_type=\"image.default\">\n\t\t\t\t<div class=\"elementor-widget-container\">\n\t\t\t\t\t\t\t\t\t\t\t\t\t\t\t\t<a href=\"https:\/\/visiones.fcejs.unsl.edu.ar\/wp-content\/uploads\/2025\/11\/REVISTA-VISIONES-4-EDICION-REVISADA.pdf\" target=\"_blank\">\n\t\t\t\t\t\t\t<img fetchpriority=\"high\" decoding=\"async\" width=\"593\" height=\"839\" src=\"https:\/\/visiones.fcejs.unsl.edu.ar\/wp-content\/uploads\/2025\/10\/Visiones4.jpg\" class=\"attachment-full size-full wp-image-450\" alt=\"\" srcset=\"https:\/\/visiones.fcejs.unsl.edu.ar\/wp-content\/uploads\/2025\/10\/Visiones4.jpg 593w, https:\/\/visiones.fcejs.unsl.edu.ar\/wp-content\/uploads\/2025\/10\/Visiones4-212x300.jpg 212w\" sizes=\"(max-width: 593px) 100vw, 593px\" \/>\t\t\t\t\t\t\t\t<\/a>\n\t\t\t\t\t\t\t\t\t\t\t\t\t\t\t<\/div>\n\t\t\t\t<\/div>\n\t\t\t\t<div class=\"elementor-element elementor-element-0b6bea5 elementor-widget elementor-widget-heading\" data-id=\"0b6bea5\" data-element_type=\"widget\" data-widget_type=\"heading.default\">\n\t\t\t\t<div class=\"elementor-widget-container\">\n\t\t\t\t\t<h2 class=\"elementor-heading-title elementor-size-default\"><a href=\"https:\/\/visiones.fcejs.unsl.edu.ar\/wp-content\/uploads\/2025\/11\/REVISTA-VISIONES-4-EDICION-REVISADA.pdf\" target=\"_blank\">Edici\u00f3n 2025 - N\u00ba4<\/a><\/h2>\t\t\t\t<\/div>\n\t\t\t\t<\/div>\n\t\t\t\t\t<\/div>\n\t\t<\/div>\n\t\t\t\t\t<\/div>\n\t\t<\/section>\n\t\t\t\t<section class=\"elementor-section elementor-top-section elementor-element elementor-element-48f749b elementor-section-boxed elementor-section-height-default elementor-section-height-default\" data-id=\"48f749b\" data-element_type=\"section\">\n\t\t\t\t\t\t<div class=\"elementor-container elementor-column-gap-default\">\n\t\t\t\t\t<div class=\"elementor-column elementor-col-100 elementor-top-column elementor-element elementor-element-b68f532\" data-id=\"b68f532\" data-element_type=\"column\">\n\t\t\t<div class=\"elementor-widget-wrap elementor-element-populated\">\n\t\t\t\t\t\t<div class=\"elementor-element elementor-element-2e08b2f elementor-widget elementor-widget-spacer\" data-id=\"2e08b2f\" data-element_type=\"widget\" data-widget_type=\"spacer.default\">\n\t\t\t\t<div class=\"elementor-widget-container\">\n\t\t\t\t\t\t\t<div class=\"elementor-spacer\">\n\t\t\t<div class=\"elementor-spacer-inner\"><\/div>\n\t\t<\/div>\n\t\t\t\t\t\t<\/div>\n\t\t\t\t<\/div>\n\t\t\t\t\t<\/div>\n\t\t<\/div>\n\t\t\t\t\t<\/div>\n\t\t<\/section>\n\t\t\t\t<\/div>\n\t\t","protected":false},"excerpt":{"rendered":"<p>La Revista Visiones es una publicaci\u00f3n de la Facultad de Ciencias Econ\u00f3micas, Jur\u00eddicas y Sociales (FCEJyS) de la Universidad Nacional de San Luis (UNSL), catalogada&hellip;<\/p>\n","protected":false},"author":1,"featured_media":0,"parent":0,"menu_order":0,"comment_status":"closed","ping_status":"closed","template":"","meta":{"om_disable_all_campaigns":false,"_exactmetrics_skip_tracking":false,"_exactmetrics_sitenote_active":false,"_exactmetrics_sitenote_note":"","_exactmetrics_sitenote_category":0,"_uf_show_specific_survey":0,"_uf_disable_surveys":false,"footnotes":""},"class_list":["post-65","page","type-page","status-publish","hentry"],"_links":{"self":[{"href":"https:\/\/visiones.fcejs.unsl.edu.ar\/index.php\/wp-json\/wp\/v2\/pages\/65","targetHints":{"allow":["GET"]}}],"collection":[{"href":"https:\/\/visiones.fcejs.unsl.edu.ar\/index.php\/wp-json\/wp\/v2\/pages"}],"about":[{"href":"https:\/\/visiones.fcejs.unsl.edu.ar\/index.php\/wp-json\/wp\/v2\/types\/page"}],"author":[{"embeddable":true,"href":"https:\/\/visiones.fcejs.unsl.edu.ar\/index.php\/wp-json\/wp\/v2\/users\/1"}],"replies":[{"embeddable":true,"href":"https:\/\/visiones.fcejs.unsl.edu.ar\/index.php\/wp-json\/wp\/v2\/comments?post=65"}],"version-history":[{"count":67,"href":"https:\/\/visiones.fcejs.unsl.edu.ar\/index.php\/wp-json\/wp\/v2\/pages\/65\/revisions"}],"predecessor-version":[{"id":461,"href":"https:\/\/visiones.fcejs.unsl.edu.ar\/index.php\/wp-json\/wp\/v2\/pages\/65\/revisions\/461"}],"wp:attachment":[{"href":"https:\/\/visiones.fcejs.unsl.edu.ar\/index.php\/wp-json\/wp\/v2\/media?parent=65"}],"curies":[{"name":"wp","href":"https:\/\/api.w.org\/{rel}","templated":true}]}}